{"id":3,"date":"2023-11-07T15:32:12","date_gmt":"2023-11-07T12:32:12","guid":{"rendered":"https:\/\/isvicreninsesi.ch\/de\/?page_id=3"},"modified":"2026-02-28T10:48:12","modified_gmt":"2026-02-28T07:48:12","slug":"datenschutzerklaerung","status":"publish","type":"page","link":"https:\/\/isvicreninsesi.ch\/de\/datenschutzerklaerung\/","title":{"rendered":"Datenschutzerkl\u00e4rung"},"content":{"rendered":"\n<p><strong>Datenschutzerkl\u00e4rung von Bay Swiss Consulting GmbH \u2013 \u0130svi\u00e7reninsesi Gazetesi<\/strong><\/p>\n\n\n\n<p>Mit der Nutzung unserer Website stimmen Sie der Datenschutzerkl\u00e4rung zu. Der Schutz Ihrer Privatsph\u00e4re ist uns wichtig. Wir zeigen nachfolgend, wie wir mit Personendaten umgehen, und die Sicherheit Ihrer Daten gew\u00e4hrleisten. Die strengen Vorschriften zum Schutz der Daten nat\u00fcrlicher Personen wenden wir auch f\u00fcr juristische Personen an.<\/p>\n\n\n\n<p><strong>1. Datenschutzerkl\u00e4rung<\/strong><\/p>\n\n\n\n<p>Mit dieser Datenschutzerkl\u00e4rung informieren wir, welche Personendaten wir wof\u00fcr, wie und wo bearbeiten, insbesondere im Zusammenhang mit unserer Website und unserem sonstigen Angebot oder ganz allgemein, wenn wir f\u00fcr Sie Dienstleistungen erbringen. Wir informieren mit dieser Datenschutzerkl\u00e4rung au\u00dferdem \u00fcber die Rechte von Personen, deren Daten wir bearbeiten. F\u00fcr einzelne oder zus\u00e4tzliche Angebote und Leistungen k\u00f6nnen besondere, erg\u00e4nzende oder weitere Datenschutzerkl\u00e4rungen sowie sonstige rechtliche Dokumente wie Allgemeine Gesch\u00e4ftsbedingungen (AGB), Nutzungsbedingungen oder Teilnahmebedingungen gelten.<\/p>\n\n\n\n<p>Unser Angebot unterliegt dem schweizerischen Datenschutzrecht sowie allenfalls anwendbarem ausl\u00e4ndischem Datenschutzrecht wie insbesondere jenem der Europ\u00e4ischen Union (EU) mit der Datenschutz-Grundverordnung (DSGVO). Die Europ\u00e4ische Kommission anerkennt, dass das schweizerische Datenschutzrecht einen angemessenen Datenschutz gew\u00e4hrleistet.<\/p>\n\n\n\n<p>Wir weisen darauf hin, wenn es im Einzelfall andere Verantwortliche f\u00fcr die Bearbeitung von Personendaten gibt.<\/p>\n\n\n\n<p><strong>2. Bearbeitung von Personendaten<\/strong><\/p>\n\n\n\n<p><em><strong>2.1 Begriffe<\/strong><\/em><\/p>\n\n\n\n<p>Personendaten sind alle Angaben, die sich auf eine bestimmte oder bestimmbare Person beziehen. Eine betroffene Person ist eine nat\u00fcrliche Person, \u00fcber die Personendaten bearbeitet werden. Bearbeiten umfasst jeden Umgang mit Personendaten, unabh\u00e4ngig von den angewandten Mitteln und Verfahren, insbesondere das Aufbewahren, Bekanntgeben, Beschaffen, Erheben, L\u00f6schen, Speichern, Ver\u00e4ndern, Vernichten und Verwenden von Personendaten.<\/p>\n\n\n\n<p><em><strong>2.2 Rechtsgrundlagen<\/strong><\/em><\/p>\n\n\n\n<p>Wir bearbeiten Personendaten im Einklang mit dem schweizerischen Datenschutzrecht, wie insbesondere dem Bundesgesetz \u00fcber den Datenschutz (DSG; SR 235.1) und der Verordnung \u00fcber den Datenschutz (DSV; SR 235.11).<\/p>\n\n\n\n<p><em><strong>2.3 Art, Umfang und Zweck<\/strong><\/em><\/p>\n\n\n\n<p>Wir bearbeiten jene Personendaten, die erforderlich sind, um unser Angebot dauerhaft, nutzerfreundlich, sicher und zuverl\u00e4ssig bereitstellen zu k\u00f6nnen. Solche Personendaten k\u00f6nnen in die Kategorien von Bestandes- und Kontaktdaten, Browser- und Ger\u00e4tedaten, Inhaltsdaten, Meta- beziehungsweise Randdaten und Nutzungsdaten, Standortdaten, Vertrags- und Zahlungsdaten fallen. Wir bearbeiten Personendaten w\u00e4hrend jener Dauer, die f\u00fcr den jeweiligen Zweck beziehungsweise die jeweiligen Zwecke oder gesetzlich erforderlich ist. Dabei ist es m\u00f6glich, dass Personendaten f\u00fcr die Zeit aufbewahrt werden, in der Anspr\u00fcche geltend gemacht werden k\u00f6nnen und soweit wir anderweitig gesetzlich dazu verpflichtet oder erm\u00e4chtigt sind oder berechtigte Gesch\u00e4ftsinteressen dies erfordern (z.B. f\u00fcr Beweis- und Dokumentationszwecke). Personendaten, deren Bearbeitung nicht mehr erforderlich ist, werden anonymisiert oder gel\u00f6scht. Personen, deren Daten wir bearbeiten, haben grunds\u00e4tzlich ein Recht auf L\u00f6schung.<\/p>\n\n\n\n<p>Wir bearbeiten Personendaten grunds\u00e4tzlich nur nach Einwilligung der betroffenen Person, es sei denn, die Bearbeitung ist aus anderen rechtlichen Gr\u00fcnden zul\u00e4ssig, beispielsweise zur Erf\u00fcllung eines Vertrages mit der betroffenen Person und f\u00fcr entsprechende vorvertragliche Ma\u00dfnahmen, um unsere \u00fcberwiegenden berechtigten Interessen zu wahren, weil die Bearbeitung aus den Umst\u00e4nden ersichtlich ist oder nach vorg\u00e4ngiger Information. In diesem Rahmen bearbeiten wir insbesondere Angaben, die eine betroffene Person bei der Kontaktaufnahme \u2013 beispielsweise per Briefpost, E-Mail, Kontaktformular, Social Media oder Telefon \u2013 freiwillig und selbst an uns \u00fcbermittelt. Wir k\u00f6nnen solche Angaben beispielsweise in einem Adressbuch oder mit vergleichbaren Hilfsmitteln speichern. Sofern sie Personendaten \u00fcber Dritte an uns \u00fcbermitteln, sind sie verpflichtet, den Datenschutz gegen\u00fcber solchen Dritten zu gew\u00e4hrleisten sowie die Richtigkeit solcher Personendaten sicherzustellen. Wir bearbeiten au\u00dferdem Personendaten, die wir von Dritten erhalten, aus \u00f6ffentlich zug\u00e4nglichen Quellen beschaffen oder bei der Bereitstellung unseres Angebotes erheben, sofern und soweit eine solche Bearbeitung aus rechtlichen Gr\u00fcnden zul\u00e4ssig ist.<\/p>\n\n\n\n<p><em><strong>2.4 Bearbeitung von Personendaten durch Dritte, auch im Ausland<\/strong><\/em><\/p>\n\n\n\n<p>Wir k\u00f6nnen Personendaten durch beauftragte Dritte bearbeiten lassen oder gemeinsam mit Dritten sowie mit Hilfe von Dritten bearbeiten oder an Dritte \u00fcbermitteln. Bei solchen Dritten handelt es sich insbesondere um Anbieter, deren Leistungen wir in Anspruch nehmen. Wir gew\u00e4hrleisten auch bei solchen Dritten einen angemessenen Datenschutz. Solche Dritte befinden sich grunds\u00e4tzlich in der Schweiz sowie im Europ\u00e4ischen Wirtschaftsraum (EWR). Solche Dritte k\u00f6nnen sich aber auch in sonstigen Staaten befinden, sofern deren Datenschutzrecht nach Einsch\u00e4tzung des Eidgen\u00f6ssischen Datenschutz- und \u00d6ffentlichkeitsbeauftragten (ED\u00d6B) und \u2013 sofern und soweit die Datenschutz-Grundverordnung (DSGVO) anwendbar ist \u2013 nach Einsch\u00e4tzung der Europ\u00e4ischen Kommission \u2013 einen angemessenen Datenschutz gew\u00e4hrleistet, oder wenn aus anderen Gr\u00fcnden, wie beispielsweise durch eine entsprechende vertragliche Vereinbarung mit den Dritten, ein angemessener Datenschutz gew\u00e4hrleistet ist oder Sie in eine entsprechende \u00dcbermittlung eingewilligt haben.<\/p>\n\n\n\n<p><em><strong>2.5 Kein Profiling und keine automatisierte Entscheidfindung<\/strong><\/em><\/p>\n\n\n\n<p>Wir bearbeiten grunds\u00e4tzlich keine Personendaten mittels automatisierter Entscheidfindung und f\u00fchren kein Profiling durch.<\/p>\n\n\n\n<p><strong>3. Rechte von betroffenen Personen<\/strong><\/p>\n\n\n\n<p>Personen, deren Daten wir bearbeiten, haben gem\u00e4\u00df dem schweizerischen Datenschutzrecht und gegebenenfalls der Datenschutz-Grundverordnung (DSGVO) das Recht auf Auskunft \u00fcber die sie betreffenden Personendaten sowie auf Berichtigung, L\u00f6schung, Einschr\u00e4nkung der Bearbeitung oder Widerspruch gegen die Bearbeitung sowie das Recht auf Daten\u00fcbertragbarkeit. Personen, deren Daten wir bearbeiten, k\u00f6nnen uns entsprechende Anliegen an die oben genannte Kontaktadresse mitteilen. Personen, deren Daten wir bearbeiten, haben das Recht, bei der zust\u00e4ndigen Aufsichtsbeh\u00f6rde Beschwerde zu erheben.<\/p>\n\n\n\n<p><strong>4. Datensicherheit<\/strong><\/p>\n\n\n\n<p>Wir treffen angemessene technische und organisatorische Ma\u00dfnahmen, um den Datenschutz und die Datensicherheit zu gew\u00e4hrleisten. Wir sch\u00fctzen Personendaten unter anderem mittels verschl\u00fcsselter \u00dcbertragung, Zugriffskontrollen und Protokollierung. Die Sicherheitsma\u00dfnahmen werden entsprechend der technologischen Entwicklung fortlaufend verbessert.<\/p>\n\n\n\n<p><strong>5. Cookies und andere Technologien<\/strong><\/p>\n\n\n\n<p>Wir setzen Cookies und vergleichbare Technologien ein, um die Nutzung unserer Website zu erm\u00f6glichen, zu erleichtern und zu verbessern. Cookies sind kleine Textdateien, die auf Ihrem Computer oder Ger\u00e4t gespeichert werden, wenn Sie unsere Website besuchen und die uns erm\u00f6glichen, Ihren Browser zu erkennen. Cookies k\u00f6nnen Daten enthalten, die eine Wiedererkennung des genutzten Endger\u00e4tes erm\u00f6glichen. Cookies k\u00f6nnen auch Informationen enthalten, die es erm\u00f6glichen, nachvollziehen zu k\u00f6nnen, wie Sie die Website nutzen. Einige Cookies bleiben auf Ihrem Endger\u00e4t gespeichert, bis Sie diese l\u00f6schen. Sie erm\u00f6glichen es uns, Ihren Browser beim n\u00e4chsten Besuch wiederzuerkennen.<\/p>\n\n\n\n<p>Die Verwendung von Cookies und vergleichbaren Technologien kann jederzeit unterbunden oder beschr\u00e4nkt werden. Hierf\u00fcr stehen verschiedene M\u00f6glichkeiten zur Verf\u00fcgung. Viele Browser verf\u00fcgen \u00fcber eine Option, mit der das Speichern von Cookies eingeschr\u00e4nkt oder komplett verhindert wird. Es ist jedoch m\u00f6glich, dass die Nutzung und insbesondere der Nutzungskomfort ohne Cookies eingeschr\u00e4nkt werden.<\/p>\n\n\n\n<p><strong>6. Erfolgs- und Reichweitenmessung<\/strong><\/p>\n\n\n\n<p>Wir nutzen Dienste von Dritten, um den Erfolg und die Reichweite unseres Online-Angebots zu messen. Dazu k\u00f6nnen verschiedene Analyse-Tools und Dienste eingesetzt werden.<\/p>\n\n\n\n<p><strong>7. Einbindung von Diensten und Inhalten Dritter<\/strong><\/p>\n\n\n\n<p>Unser Angebot kann auch Inhalte, Dienste und Leistungen von Dritten umfassen, wie beispielsweise Kartenmaterial von Google-Maps oder Schriftarten von Google-Fonts. Die Einbindung von Inhalten und Diensten Dritter setzt immer voraus, dass die Drittanbieter dieser Inhalte die IP-Adresse der Nutzer wahrnehmen, da sie ohne die IP-Adresse die Inhalte nicht an deren Browser senden k\u00f6nnten. Die IP-Adresse ist damit f\u00fcr die Darstellung dieser Inhalte erforderlich. Wir bem\u00fchen uns, nur solche Inhalte zu verwenden, deren jeweilige Anbieter die IP-Adresse lediglich zur Auslieferung der Inhalte verwenden.<\/p>\n\n\n\n<p><strong>8. Social Media<\/strong><\/p>\n\n\n\n<p>Wir unterhalten Onlinepr\u00e4senzen innerhalb sozialer Netzwerke und Plattformen, um mit den dort aktiven Kunden, Interessenten und Nutzern kommunizieren und sie dort \u00fcber unsere Leistungen informieren zu k\u00f6nnen. Beim Aufruf der jeweiligen Netzwerke und Plattformen gelten die Gesch\u00e4ftsbedingungen und die Datenverarbeitungsrichtlinien der jeweiligen Betreiber.<\/p>\n\n\n\n<p><strong>9. \u00c4nderungen und Aktualisierungen der Datenschutzerkl\u00e4rung<\/strong><\/p>\n\n\n\n<p>Diese Datenschutzerkl\u00e4rung kann angepasst und erg\u00e4nzt werden. Die aktuelle Version ist stets auf unserer Website verf\u00fcgbar. Es empfiehlt sich, die Datenschutzerkl\u00e4rung regelm\u00e4\u00dfig zu \u00fcberpr\u00fcfen, um sich \u00fcber etwaige \u00c4nderungen oder Aktualisierungen zu informieren.<\/p>\n\n\n\n<p><strong>10. Schlussbestimmungen<\/strong><\/p>\n\n\n\n<p>Bei Unklarheiten bez\u00fcglich der Datenschutzerkl\u00e4rung oder bei sonstigen Fragen zum Datenschutz k\u00f6nnen Sie uns gerne kontaktieren:<\/p>\n\n\n\n<p>M.Isik &#8211; <em>Orhantepe mahallesi alaska sokak No: 11 Kartal \/ \u0130STANBUL<\/em><\/p>\n\n\n\n<p>Version 01. 15. Juli 2023<\/p>\n\n\n\n<p><strong>Betroffenenrechte<\/strong><\/p>\n\n\n\n<p>Sie haben zudem das Recht auf Auskunft, Berichtigung, L\u00f6schung und Einschr\u00e4nkung der Verarbeitung der personenbezogenen Daten. Soweit die Rechtsgrundlage der Verarbeitung Ihrer personenbezogenen Daten in Ihrer Einwilligung oder in einem mit Ihnen abgeschlossenen Vertrag besteht, haben Sie \u00fcberdies das Recht auf Daten\u00fcbertragbarkeit.<\/p>\n\n\n\n<p>Weiters haben Sie das Recht auf Beschwerde bei der Aufsichtsbeh\u00f6rde. N\u00e4here Informationen zu den Aufsichtsbeh\u00f6rden in der Europ\u00e4ischen Union finden Sie&nbsp;<a href=\"https:\/\/ec.europa.eu\/justice\/article-29\/structure\/data-protection-authorities\/index_en.htm\" target=\"_blank\" rel=\"noreferrer noopener\">hier<\/a><\/p>\n\n\n\n<p>(<a href=\"https:\/\/ec.europa.eu\/justice\/article-29\/structure\/data-protection-authorities\/index_en.htm\" rel=\"noreferrer noopener\" target=\"_blank\">https:\/\/ec.europa.eu\/justice\/article-29\/structure\/data-protection-authorities\/index_en.htm<\/a>)<\/p>\n","protected":false},"excerpt":{"rendered":"<p>Datenschutzerkl\u00e4rung von Bay Swiss Consulting GmbH \u2013 \u0130svi\u00e7reninsesi Gazetesi Mit der Nutzung unserer Website stimmen Sie der Datenschutzerkl\u00e4rung zu. Der Schutz Ihrer Privatsph\u00e4re ist uns wichtig. Wir zeigen nachfolgend, wie wir mit Personendaten umgehen, und die Sicherheit Ihrer Daten gew\u00e4hrleisten. Die strengen Vorschriften zum Schutz der Daten nat\u00fcrlicher Personen wenden wir auch f\u00fcr juristische Personen [&hellip;]<\/p>\n","protected":false},"author":1,"featured_media":0,"parent":0,"menu_order":0,"comment_status":"closed","ping_status":"closed","template":"","meta":{"footnotes":""},"class_list":["post-3","page","type-page","status-publish","hentry"],"aioseo_notices":[],"_links":{"self":[{"href":"https:\/\/isvicreninsesi.ch\/de\/wp-json\/wp\/v2\/pages\/3","targetHints":{"allow":["GET"]}}],"collection":[{"href":"https:\/\/isvicreninsesi.ch\/de\/wp-json\/wp\/v2\/pages"}],"about":[{"href":"https:\/\/isvicreninsesi.ch\/de\/wp-json\/wp\/v2\/types\/page"}],"author":[{"embeddable":true,"href":"https:\/\/isvicreninsesi.ch\/de\/wp-json\/wp\/v2\/users\/1"}],"replies":[{"embeddable":true,"href":"https:\/\/isvicreninsesi.ch\/de\/wp-json\/wp\/v2\/comments?post=3"}],"version-history":[{"count":4,"href":"https:\/\/isvicreninsesi.ch\/de\/wp-json\/wp\/v2\/pages\/3\/revisions"}],"predecessor-version":[{"id":2052,"href":"https:\/\/isvicreninsesi.ch\/de\/wp-json\/wp\/v2\/pages\/3\/revisions\/2052"}],"wp:attachment":[{"href":"https:\/\/isvicreninsesi.ch\/de\/wp-json\/wp\/v2\/media?parent=3"}],"curies":[{"name":"wp","href":"https:\/\/api.w.org\/{rel}","templated":true}]}}